{"id":9,"date":"2014-06-12T23:01:59","date_gmt":"2014-06-12T21:01:59","guid":{"rendered":"http:\/\/www.colysa.ch\/?page_id=9"},"modified":"2025-12-24T09:48:57","modified_gmt":"2025-12-24T08:48:57","slug":"la-societe-colysa","status":"publish","type":"page","link":"https:\/\/www.colysa.ch\/?page_id=9","title":{"rendered":"La soci\u00e9t\u00e9 Colysa"},"content":{"rendered":"\n<p class=\"h-text-1\"><strong>Les Laboratoires Colysa<\/strong> d\u00e9veloppent et fabriquent des appareils d&rsquo;<span style=\"text-decoration: underline;\"><a href=\"https:\/\/www.colysa.ch\/?page_id=158\"><strong>Oscilloth\u00e9rapie<\/strong><\/a><\/span>&nbsp;dans le respect et principes des travaux de <a href=\"https:\/\/www.colysa.ch\/?page_id=132\"><strong>Georges Lakhovsky<\/strong><\/a> (1869 &#8211; 1942), ces appareils sont enti\u00e8rement fabriqu\u00e9s dans nos ateliers de Vilars.<\/p>\n\n\n\n<h2 class=\"wp-block-heading\"><a href=\"https:\/\/www.colysa.ch\/?page_id=11\" data-type=\"page\" data-id=\"11\">Le nouveau Radio Cellulo Oscillateur est disponible !<\/a><\/h2>\n\n\n\n<ul class=\"wp-block-list list-1\">\n<li><a title=\"Radio Cellulo Oscillateur\" href=\"https:\/\/www.colysa.ch\/?page_id=11\"><strong>Radio Cellulo Oscillateur<\/strong><\/a><\/li>\n<\/ul>\n\n\n\n<p><br>Les appareils ci-dessous ne sont pas fabriqu\u00e9s actuellement pour des raisons techniques et r\u00e9glementaires.<\/p>\n\n\n\n<ul class=\"wp-block-list list-1\">\n<li><a href=\"https:\/\/www.colysa.ch\/?page_id=258\">Oscillateur \u00e0 longueurs d&rsquo;onde multiples (OLOM \/ MWO)<\/a> (non disponible)<\/li>\n\n\n\n<li>Circuits oscillants (colliers, ceintures, etc&#8230;) (non disponible)<\/li>\n<\/ul>\n\n\n\n<p class=\"text-1\"><span style=\"text-decoration: underline;\"><em><strong>Colysa<\/strong> et <strong>Lakhovsky<\/strong> sont des marques d\u00e9pos\u00e9es en Suisse et \u00e0 l&rsquo;\u00e9tranger, tout appareils portant l&rsquo;une de ces marques et qui ne proviennent pas de nos ateliers, <strong>sont des contrefa\u00e7ons<\/strong>.<\/em><\/span><\/p>\n\n\n\n<p class=\"text-1\"><strong>Colysa SA<\/strong> est aussi active dans le d\u00e9veloppement de produits dans le domaine de la m\u00e9canique, de l&rsquo;\u00e9lectronique, des logiciels, et de l&rsquo;analyse des ondes.<\/p>\n\n\n\n<ul class=\"wp-block-list list-1\">\n<li>Analyseur audio de sonneries de montre<\/li>\n\n\n\n<li>Passerelle logicielle pour banc de mesure en dendrochronologie<\/li>\n\n\n\n<li>CRM<\/li>\n\n\n\n<li>Cage de Faraday<\/li>\n\n\n\n<li>Mobilier non sensible aux ondes<\/li>\n\n\n\n<li>Syst\u00e8me de transmission Audio\/Vid\u00e9o\/Alimentation sur 2 fils<\/li>\n\n\n\n<li>Circuit d&rsquo;alimentation et chargeur photovolta\u00efque pour syst\u00e8me de g\u00e9olocalisation<\/li>\n\n\n\n<li>Produits \u00e0 base d&rsquo;ondes scalaires<\/li>\n\n\n\n<li>Service de mesure des champs \u00e9lectromagn\u00e9tiques (\u00e9lectrosmog)<\/li>\n\n\n\n<li>Conception de syst\u00e8mes photovolta\u00efques<\/li>\n\n\n\n<li>Service technique pour l&rsquo;industrie<\/li>\n<\/ul>\n","protected":false},"excerpt":{"rendered":"<p>Les Laboratoires Colysa d\u00e9veloppent et fabriquent des appareils d&rsquo;Oscilloth\u00e9rapie&nbsp;dans le respect et principes des travaux de Georges Lakhovsky (1869 &#8211; 1942), ces appareils sont enti\u00e8rement fabriqu\u00e9s dans nos ateliers de Vilars. Le nouveau Radio Cellulo Oscillateur est disponible ! Les appareils ci-dessous ne sont pas fabriqu\u00e9s actuellement pour des raisons techniques et r\u00e9glementaires. Colysa et [&hellip;]<\/p>\n","protected":false},"author":1,"featured_media":0,"parent":0,"menu_order":0,"comment_status":"closed","ping_status":"open","template":"","meta":{"footnotes":""},"class_list":["post-9","page","type-page","status-publish","hentry"],"_links":{"self":[{"href":"https:\/\/www.colysa.ch\/index.php?rest_route=\/wp\/v2\/pages\/9","targetHints":{"allow":["GET"]}}],"collection":[{"href":"https:\/\/www.colysa.ch\/index.php?rest_route=\/wp\/v2\/pages"}],"about":[{"href":"https:\/\/www.colysa.ch\/index.php?rest_route=\/wp\/v2\/types\/page"}],"author":[{"embeddable":true,"href":"https:\/\/www.colysa.ch\/index.php?rest_route=\/wp\/v2\/users\/1"}],"replies":[{"embeddable":true,"href":"https:\/\/www.colysa.ch\/index.php?rest_route=%2Fwp%2Fv2%2Fcomments&post=9"}],"version-history":[{"count":60,"href":"https:\/\/www.colysa.ch\/index.php?rest_route=\/wp\/v2\/pages\/9\/revisions"}],"predecessor-version":[{"id":392,"href":"https:\/\/www.colysa.ch\/index.php?rest_route=\/wp\/v2\/pages\/9\/revisions\/392"}],"wp:attachment":[{"href":"https:\/\/www.colysa.ch\/index.php?rest_route=%2Fwp%2Fv2%2Fmedia&parent=9"}],"curies":[{"name":"wp","href":"https:\/\/api.w.org\/{rel}","templated":true}]}}