{"id":441,"date":"2026-01-15T19:04:45","date_gmt":"2026-01-15T18:04:45","guid":{"rendered":"https:\/\/www.colysa.ch\/?page_id=441"},"modified":"2026-01-15T19:04:46","modified_gmt":"2026-01-15T18:04:46","slug":"commande-radio-cellulo-oscillateur","status":"publish","type":"page","link":"https:\/\/www.colysa.ch\/?page_id=441","title":{"rendered":"Commande Radio Cellulo Oscillateur"},"content":{"rendered":"<div class='fluentform ff-default fluentform_wrapper_7  ff_guten_block ff_guten_block-7 ffs_default_wrap'><form data-form_id=\"7\" id=\"fluentform_7\" class=\"frm-fluent-form fluent_form_7 ff-el-form-top ff_form_instance_7_1 ff-form-loading ff_has_dynamic_smartcode ff_calc_form ff_calc_form ff_has_v3_recptcha ffs_default\" data-form_instance=\"ff_form_instance_7_1\" method=\"POST\" data-recptcha_key=\"6LeCTUosAAAAAEhWqiLufElQpompg5tuwk04BjjH\" ><fieldset  style=\"border: none!important;margin: 0!important;padding: 0!important;background-color: transparent!important;box-shadow: none!important;outline: none!important; min-inline-size: 100%;\">\n                    <legend class=\"ff_screen_reader_title\" style=\"display: block; margin: 0!important;padding: 0!important;height: 0!important;text-indent: -999999px;width: 0!important;overflow:hidden;\">Commande RCO<\/legend>        <div\n                style=\"display: none!important; position: absolute!important; transform: translateX(1000%)!important;\"\n                class=\"ff-el-group ff-hpsf-container\"\n        >\n            <div class=\"ff-el-input--label asterisk-right\">\n                <label for=\"ff_7_item_sf\" aria-label=\"Subscribe\">\n                    Subscribe                <\/label>\n            <\/div>\n            <div class=\"ff-el-input--content\">\n                <input type=\"text\"\n                       name=\"item_7__fluent_sf\"\n                       class=\"ff-el-form-control\"\n                       id=\"ff_7_item_sf\"\n                \/>\n            <\/div>\n        <\/div>\n        <input type='hidden' name='__fluent_form_embded_post_id' value='441' \/><input type=\"hidden\" id=\"_fluentform_7_fluentformnonce\" name=\"_fluentform_7_fluentformnonce\" value=\"c2083f54fc\" \/><input type=\"hidden\" name=\"_wp_http_referer\" value=\"\/index.php?rest_route=%2Fwp%2Fv2%2Fpages%2F441\" \/><div data-name=\"ff_cn_id_1\"  class='ff-t-container ff-column-container ff_columns_total_2 '><div class='ff-t-cell ff-t-column-1' style='flex-basis: 70%;'><div class='ff-el-group  ff-custom_html' tabindex='-1' data-name=\"custom_html-7_1\" ><p><img loading=\"lazy\" decoding=\"async\" class=\" wp-image-394\" src=\"https:\/\/www.colysa.ch\/wp-content\/uploads\/2025\/12\/rco-1.jpg\" alt=\"RCO Radio Cellulo Oscillateur\" width=\"376\" height=\"263\" srcset=\"https:\/\/www.colysa.ch\/wp-content\/uploads\/2025\/12\/rco-1.jpg 800w, https:\/\/www.colysa.ch\/wp-content\/uploads\/2025\/12\/rco-1-300x210.jpg 300w, https:\/\/www.colysa.ch\/wp-content\/uploads\/2025\/12\/rco-1-768x538.jpg 768w\" sizes=\"auto, (max-width: 376px) 100vw, 376px\" \/><\/p><\/div><\/div><div class='ff-t-cell ff-t-column-2' style='flex-basis: 30%;'><div class='ff-el-group'><div class=\"ff-el-input--label ff-el-is-required asterisk-right\"><label for='ff_7_qte' id='label_ff_7_qte' aria-label=\"Quantit\u00e9\">Quantit\u00e9<\/label><\/div><div class='ff-el-input--content'><input type=\"number\" name=\"qte\" value=\"1\" id=\"ff_7_qte\" class=\"ff-el-form-control\" data-name=\"qte\" inputmode=\"numeric\" step=\"any\" min=\"1\" aria-valuemin=\"1\"  aria-invalid=\"false\" aria-required=true><\/div><\/div><\/div><\/div><div class='ff-el-group  ff-custom_html' tabindex='-1' data-name=\"custom_html-7_2\" ><h3 style=\"text-align: center\">Veuillez s\u00e9lectionner le pays de livraison pour afficher le prix<\/h3><\/div><div class='ff-el-group'><div class=\"ff-el-input--label ff-el-is-required asterisk-right\"><label for='ff_7_Liste_Pays' id='label_ff_7_Liste_Pays' aria-label=\"Pays de livraison (prise en charge), Si votre pays ne figure pas dans la liste veuillez nous contacter\">Pays de livraison (prise en charge), Si votre pays ne figure pas dans la liste veuillez nous contacter<\/label><\/div><div class='ff-el-input--content'><select name=\"Liste_Pays\" id=\"ff_7_Liste_Pays\" class=\"ff-el-form-control\" data-name=\"Liste_Pays\" data-calc_value=\"0\"  aria-invalid=\"false\" aria-required=\"true\" aria-labelledby=\"label_ff_7_Liste_Pays\"><option value=\"\">Veuillez s\u00e9lectionner le pays de livraison<\/option><option data-calc_value=\"4875\" data-custom-properties=\"4875\" value=\"Allemagne\"  >Allemagne &#8211; Deutschland<\/option><option data-calc_value=\"4916\" data-custom-properties=\"4916\" value=\"Autriche\"  >Autriche &#8211; \u00d6sterreich<\/option><option data-calc_value=\"4957\" data-custom-properties=\"4957\" value=\"Belgique\"  >Belgique &#8211; Belgi\u00eb (nl) \/ Belgique (fr) \/ Belgien (de)<\/option><option data-calc_value=\"4916\" data-custom-properties=\"4916\" value=\"Bulgarie\"  >Bulgarie &#8211; \u0411\u044a\u043b\u0433\u0430\u0440\u0438\u044f (B\u0103lgariya)<\/option><option data-calc_value=\"4875\" data-custom-properties=\"4875\" value=\"Chypre\"  >Chypre &#8211; \u039a\u03cd\u03c0\u03c1\u03bf\u03c2 (K\u00fdpros)<\/option><option data-calc_value=\"5120\" data-custom-properties=\"5120\" value=\"Croatie\"  >Croatie &#8211; Hrvatska<\/option><option data-calc_value=\"5120\" data-custom-properties=\"5120\" value=\"Danemark\"  >Danemark &#8211; Danmark<\/option><option data-calc_value=\"4957\" data-custom-properties=\"4957\" value=\"Espagne\"  >Espagne &#8211; Espa\u00f1a<\/option><option data-calc_value=\"4916\" data-custom-properties=\"4916\" value=\"Estonie\"  >Estonie &#8211; Eesti<\/option><option data-calc_value=\"5079\" data-custom-properties=\"5079\" value=\"Finlande\"  >Finlande &#8211; Suomi<\/option><option data-calc_value=\"4916\" data-custom-properties=\"4916\" value=\"France\"  >France &#8211; France<\/option><option data-calc_value=\"5079\" data-custom-properties=\"5079\" value=\"Gr\u00e8ce\"  >Gr\u00e8ce &#8211; \u0395\u03bb\u03bb\u03ac\u03b4\u03b1 (Ell\u00e1da)<\/option><option data-calc_value=\"5202\" data-custom-properties=\"5202\" value=\"Hongrie\"  >Hongrie &#8211; Magyarorsz\u00e1g<\/option><option data-calc_value=\"5039\" data-custom-properties=\"5039\" value=\"Irlande\"  >Irlande &#8211; \u00c9ire<\/option><option data-calc_value=\"4998\" data-custom-properties=\"4998\" value=\"Italie\"  >Italie &#8211; Italia<\/option><option data-calc_value=\"4957\" data-custom-properties=\"4957\" value=\"Lettonie\"  >Lettonie &#8211; Latvija<\/option><option data-calc_value=\"3895\" data-custom-properties=\"3895\" value=\"Liechtenstein\"  >Liechtenstein &#8211; Liechtenstein<\/option><option data-calc_value=\"4957\" data-custom-properties=\"4957\" value=\"Lituanie\"  >Lituanie &#8211; Lietuva<\/option><option data-calc_value=\"4793\" data-custom-properties=\"4793\" value=\"Luxembourg\"  >Luxembourg &#8211; L\u00ebtzebuerg \/ Luxembourg<\/option><option data-calc_value=\"4834\" data-custom-properties=\"4834\" value=\"Malte\"  >Malte &#8211; Malta<\/option><option data-calc_value=\"4957\" data-custom-properties=\"4957\" value=\"Pays-Bas\"  >Pays-Bas &#8211; Netherland<\/option><option data-calc_value=\"5039\" data-custom-properties=\"5039\" value=\"Pologne\"  >Pologne &#8211; Polska<\/option><option data-calc_value=\"5039\" data-custom-properties=\"5039\" value=\"Portugal\"  >Portugal &#8211; Portugal<\/option><option data-calc_value=\"4957\" data-custom-properties=\"4957\" value=\"R\u00e9publique tch\u00e8que\"  >R\u00e9publique tch\u00e8que &#8211; \u010cesk\u00e1 republika<\/option><option data-calc_value=\"4875\" data-custom-properties=\"4875\" value=\"Roumanie\"  >Roumanie &#8211; Rom\u00e2nia<\/option><option data-calc_value=\"4916\" data-custom-properties=\"4916\" value=\"Slovaquie\"  >Slovaquie &#8211; Slovensko<\/option><option data-calc_value=\"4998\" data-custom-properties=\"4998\" value=\"Slov\u00e9nie\"  >Slov\u00e9nie &#8211; Slovenija<\/option><option data-calc_value=\"5120\" data-custom-properties=\"5120\" value=\"Su\u00e8de\"  >Su\u00e8de &#8211; Sverige<\/option><option data-calc_value=\"3895\" data-custom-properties=\"3895\" value=\"Suisse\"  >Suisse<\/option><\/select><\/div><\/div><div class='ff-el-group ff-hidden'><div class=\"ff-el-input--label asterisk-right\"><label for='ff_7_PV_TTC' id='label_ff_7_PV_TTC' aria-label=\"PV_TTC\">PV_TTC<\/label><\/div><div class='ff-el-input--content'><input type=\"text\" name=\"PV_TTC\" id=\"ff_7_PV_TTC\" class=\"ff-el-form-control  ff_has_formula\" data-name=\"PV_TTC\" data-calculation_formula=\"{select.Liste_Pays}\" readonly=\"1\"  aria-invalid=\"false\" aria-required=false><\/div><\/div><div class='ff-el-group ff-hidden'><div class=\"ff-el-input--label asterisk-right\"><label for='ff_7_Calc_PVxQte' id='label_ff_7_Calc_PVxQte' aria-label=\"Calc_PVxQte\">Calc_PVxQte<\/label><\/div><div class='ff-el-input--content'><input type=\"text\" name=\"Calc_PVxQte\" id=\"ff_7_Calc_PVxQte\" class=\"ff-el-form-control  ff_has_formula\" data-name=\"Calc_PVxQte\" data-calculation_formula=\"round( {input.PV_TTC}*{input.qte} , 2)\" readonly=\"1\"  aria-invalid=\"false\" aria-required=false><\/div><\/div><div class='ff-el-group  ff-custom_html has-conditions' tabindex='-1' data-name=\"custom_html-7_3\" ><div style=\"border: 2px solid #006400;padding: 20px;margin: 20px 0;background: #f0fff0;border-radius: 8px\">\n<h3>Commande pour la Suisse \/ Lichtenstein<\/h3>\n<p>Prix de vente unitaire : <span class=\"ff_dynamic_value\" data-ref=\"PV_TTC\" data-fallback=\"\"><\/span> CHF TTC<br \/>Quantit\u00e9 : <span class=\"ff_dynamic_value\" data-ref=\"qte\" data-fallback=\"\"><\/span><br \/><br \/><strong>Total : <span class=\"ff_dynamic_value\" data-ref=\"Calc_PVxQte\" data-fallback=\"\"><\/span> CHF TTC<\/strong><\/p>\n<p><span style=\"text-decoration: underline\"><em><strong>Ce prix comprend le transport et la TVA<\/strong><\/em><\/span><\/p>\n<\/div><\/div><div class='ff-el-group  ff-custom_html has-conditions' tabindex='-1' data-name=\"custom_html-7_4\" ><div style=\"border: 2px solid #00008b;padding: 20px;margin: 20px 0;background: #f0f8ff;border-radius: 8px\">\n<h3>Commande pour UE<\/h3>\n<p>Prix de vente unitaire : <span class=\"ff_dynamic_value\" data-ref=\"PV_TTC\" data-fallback=\"\"><\/span> EUR TTC<br \/>Quantit\u00e9 : <span class=\"ff_dynamic_value\" data-ref=\"qte\" data-fallback=\"\"><\/span><br \/><br \/><strong>Total : <span class=\"ff_dynamic_value\" data-ref=\"Calc_PVxQte\" data-fallback=\"\"><\/span> EUR TTC<br \/><\/strong><\/p>\n<p><span style=\"text-decoration: underline\"><em><strong>Ce prix comprend le transport, les frais de douane et\u00a0 la TVA<\/strong><\/em><\/span><\/p>\n<\/div><\/div><div data-type=\"name-element\" data-name=\"names\" class=\" ff-field_container ff-name-field-wrapper\" ><div class='ff-t-container'><div class='ff-t-cell '><div class='ff-el-group ff-el-form-top'><div class=\"ff-el-input--label ff-el-is-required asterisk-right\"><label for='ff_7_names_first_name_' id='label_ff_7_names_first_name_' >Pr\u00e9nom<\/label><\/div><div class='ff-el-input--content'><input type=\"text\" name=\"names[first_name]\" id=\"ff_7_names_first_name_\" class=\"ff-el-form-control\" placeholder=\"Saisissez votre pr\u00e9nom\" aria-invalid=\"false\" aria-required=true><\/div><\/div><\/div><div class='ff-t-cell '><div class='ff-el-group ff-el-form-top'><div class=\"ff-el-input--label ff-el-is-required asterisk-right\"><label for='ff_7_names_last_name_' id='label_ff_7_names_last_name_' >Nom de famille<\/label><\/div><div class='ff-el-input--content'><input type=\"text\" name=\"names[last_name]\" id=\"ff_7_names_last_name_\" class=\"ff-el-form-control\" placeholder=\"Saisissez votre nom de famille\" aria-invalid=\"false\" aria-required=true><\/div><\/div><\/div><\/div><\/div><div class=\"ff-name-address-wrapper fluent-address\" data-type=\"address-element\" data-name=\"addresse\" ><div class='ff-el-input--content'><div class='ff-t-container'><div class='ff-t-cell'><div class='ff-el-group'><div class=\"ff-el-input--label ff-el-is-required asterisk-right\"><label for='ff_7_addresse_address_line_1_' id='label_ff_7_addresse_address_line_1_' aria-label=\"Adresse ligne 1\">Adresse ligne 1<\/label><\/div><div class='ff-el-input--content'><input type=\"text\" name=\"addresse[address_line_1]\" id=\"ff_7_addresse_address_line_1_\" class=\"ff-el-form-control\" placeholder=\"Adresse ligne 1\" data-key_name=\"address_line_1\"  aria-invalid=\"false\" aria-required=true><\/div><\/div><\/div><div class='ff-t-cell'><div class='ff-el-group'><div class=\"ff-el-input--label asterisk-right\"><label for='ff_7_addresse_address_line_2_' id='label_ff_7_addresse_address_line_2_' aria-label=\"Adresse ligne 2\">Adresse ligne 2<\/label><\/div><div class='ff-el-input--content'><input type=\"text\" name=\"addresse[address_line_2]\" id=\"ff_7_addresse_address_line_2_\" class=\"ff-el-form-control\" placeholder=\"Adresse ligne 2\" data-key_name=\"address_line_2\"  aria-invalid=\"false\" aria-required=false><\/div><\/div><\/div><\/div><div class='ff-t-container'><div class='ff-t-cell'><div class='ff-el-group'><div class=\"ff-el-input--label ff-el-is-required asterisk-right\"><label for='ff_7_addresse_city_' id='label_ff_7_addresse_city_' aria-label=\"Localit\u00e9\">Localit\u00e9<\/label><\/div><div class='ff-el-input--content'><input type=\"text\" name=\"addresse[city]\" id=\"ff_7_addresse_city_\" class=\"ff-el-form-control\" placeholder=\"Localit\u00e9\" data-key_name=\"city\"  aria-invalid=\"false\" aria-required=true><\/div><\/div><\/div><div class='ff-t-cell'><div class='ff-el-group'><div class=\"ff-el-input--label asterisk-right\"><label for='ff_7_addresse_state_' id='label_ff_7_addresse_state_' aria-label=\"\u00c9tat\">\u00c9tat<\/label><\/div><div class='ff-el-input--content'><input type=\"text\" name=\"addresse[state]\" id=\"ff_7_addresse_state_\" class=\"ff-el-form-control\" placeholder=\"\u00c9tat\" data-key_name=\"state\"  aria-invalid=\"false\" aria-required=false><\/div><\/div><\/div><\/div><div class='ff-t-container'><div class='ff-t-cell'><div class='ff-el-group'><div class=\"ff-el-input--label ff-el-is-required asterisk-right\"><label for='ff_7_addresse_zip_' id='label_ff_7_addresse_zip_' aria-label=\"Code postal\">Code postal<\/label><\/div><div class='ff-el-input--content'><input type=\"text\" name=\"addresse[zip]\" id=\"ff_7_addresse_zip_\" class=\"ff-el-form-control\" placeholder=\"Code postal\" data-key_name=\"zip\"  aria-invalid=\"false\" aria-required=true><\/div><\/div><\/div><\/div><\/div><\/div><div class='ff-el-group'><div class=\"ff-el-input--label ff-el-is-required asterisk-right\"><label for='ff_7_phone' id='label_ff_7_phone' aria-label=\"T\u00e9l\u00e9phone Fixe ou Mobile\">T\u00e9l\u00e9phone Fixe ou Mobile<\/label><\/div><div class='ff-el-input--content'><input name=\"phone\" class=\"ff-el-form-control ff-el-phone ff_el_with_extended_validation\" type=\"tel\" placeholder=\"Num\u00e9ro de t\u00e9l\u00e9phone\" data-name=\"phone\" id=\"ff_7_phone\" inputmode=\"tel\"  aria-invalid='false' aria-required=true><\/div><\/div><div class='ff-el-group'><div class=\"ff-el-input--label ff-el-is-required asterisk-right\"><label for='ff_7_email_1' id='label_ff_7_email_1' aria-label=\"Email\">Email<\/label><\/div><div class='ff-el-input--content'><input type=\"email\" name=\"email_1\" id=\"ff_7_email_1\" class=\"ff-el-form-control\" placeholder=\"Email Address\" data-name=\"email_1\"  aria-invalid=\"false\" aria-required=true><\/div><\/div><div class='ff-el-group has-conditions'><div class=\"ff-el-input--label ff-el-is-required asterisk-right\"><label for='ff_7_email_2' id='label_ff_7_email_2' aria-label=\"Validation de votre Email\">Validation de votre Email<\/label><\/div><div class='ff-el-input--content'><input type=\"email\" name=\"email_2\" id=\"ff_7_email_2\" class=\"ff-el-form-control\" placeholder=\"Email Address\" data-name=\"email_2\"  aria-invalid=\"false\" aria-required=true><\/div><\/div><div class='ff-el-group  ff-custom_html' tabindex='-1' data-name=\"custom_html-7_5\" ><p style=\"text-align: left\">Apr\u00e8s v\u00e9rification de votre commande, vous recevrez par email les informations pour effectuer le virement sur notre compte.<br \/><br \/>Attention au phishing, n&rsquo;effectuez aucun versement sur un compte qui n&rsquo;est pas au nom de Colysa SA et qui est en Suisse, dans le doute contactez-nous avant d&rsquo;effectuer un virement.<\/p><\/div><div class='ff-el-group    ff-el-input--content'><div class='ff-el-form-check ff-el-tc'><label aria-label='Terms and Conditions: J&#039;accepte les conditions de vente et la politique de confidentialit\u00e9. Contains 2 links. Use tab navigation to review.' class='ff-el-form-check-label ff_tc_label' for=terms-n-condition_f61349d089ae53f251ebc583bd64196e><span class='ff_tc_checkbox'><input type=\"checkbox\" name=\"terms-n-condition\" class=\"ff-el-form-check-input\" data-name=\"terms-n-condition\" id=\"terms-n-condition_f61349d089ae53f251ebc583bd64196e\"  value='on' aria-invalid='false' aria-required=true><\/span> <div class='ff_t_c'><p>J&rsquo;accepte les <a href=\"https:\/\/www.colysa.ch\/?page_id=35\" target=\"_blank\">conditions de vente<\/a> et la <a href=\"https:\/\/www.colysa.ch\/?page_id=40\" target=\"_blank\">politique de confidentialit\u00e9<\/a>.<\/p><\/div><\/label><\/div><\/div><div class='ff-el-group ff-text-left ff_submit_btn_wrapper ff_submit_btn_wrapper_custom'><button class=\"ff-btn ff-btn-submit ff-btn-md ff_btn_style wpf_has_custom_css\" type=\"submit\" name=\"custom_submit_button-7_6\" data-name=\"custom_submit_button-7_6\"  aria-label=\"Commander\">Commander<\/button><style>form.fluent_form_7 .wpf_has_custom_css.ff-btn-submit { background-color:#1a7efb;border-color:#1a7efb;color:#ffffff;border-radius:12px;min-width:100%; }form.fluent_form_7 .wpf_has_custom_css.ff-btn-submit:hover { background-color:#ffffff;border-color:#1a7efb;color:#1a7efb;min-width:100%; } <\/style><\/div><\/fieldset><\/form><div id='fluentform_7_errors' class='ff-errors-in-stack ff_form_instance_7_1 ff-form-loading_errors ff_form_instance_7_1_errors'><\/div><\/div>            <script type=\"text\/javascript\">\n                window.fluent_form_ff_form_instance_7_1 = {\"id\":\"7\",\"settings\":{\"layout\":{\"labelPlacement\":\"top\",\"asteriskPlacement\":\"asterisk-right\",\"helpMessagePlacement\":\"with_label\",\"errorMessagePlacement\":\"inline\",\"cssClassName\":\"\"},\"restrictions\":{\"denyEmptySubmission\":{\"enabled\":false}}},\"form_instance\":\"ff_form_instance_7_1\",\"form_id_selector\":\"fluentform_7\",\"rules\":{\"qte\":{\"required\":{\"value\":true,\"message\":\"Ce champ est obligatoire\",\"global_message\":\"Ce champ est obligatoire\",\"global\":true},\"numeric\":{\"value\":true,\"message\":\"Ce champ doit contenir une valeur num\\u00e9rique\",\"global_message\":\"Ce champ doit contenir une valeur num\\u00e9rique\",\"global\":true},\"min\":{\"value\":\"1\",\"message\":\"\\u00c9chec de la validation pour la valeur minimale\",\"global_message\":\"\\u00c9chec de la validation pour la valeur minimale\",\"global\":true},\"max\":{\"value\":\"\",\"message\":\"\\u00c9chec de la validation pour la valeur maximale\",\"global_message\":\"\\u00c9chec de la validation pour la valeur maximale\",\"global\":true},\"digits\":{\"value\":\"\",\"message\":\"La validation \\u00e9choue pour un nombre limit\\u00e9 de chiffres\",\"global_message\":\"La validation \\u00e9choue pour un nombre limit\\u00e9 de chiffres\",\"global\":true}},\"Liste_Pays\":{\"required\":{\"value\":true,\"message\":\"Ce champ est obligatoire\",\"global_message\":\"Ce champ est obligatoire\",\"global\":true}},\"PV_TTC\":{\"required\":{\"value\":false,\"message\":\"Ce champ est obligatoire\",\"global_message\":\"Ce champ est obligatoire\",\"global\":true},\"numeric\":{\"value\":true,\"message\":\"Ce champ doit contenir une valeur num\\u00e9rique\",\"global_message\":\"Ce champ doit contenir une valeur num\\u00e9rique\",\"global\":true},\"min\":{\"value\":\"\",\"message\":\"\\u00c9chec de la validation pour la valeur minimale\",\"global_message\":\"\\u00c9chec de la validation pour la valeur minimale\",\"global\":true},\"max\":{\"value\":\"\",\"message\":\"\\u00c9chec de la validation pour la valeur maximale\",\"global_message\":\"\\u00c9chec de la validation pour la valeur maximale\",\"global\":true},\"digits\":{\"value\":\"\",\"message\":\"La validation \\u00e9choue pour un nombre limit\\u00e9 de chiffres\",\"global_message\":\"La validation \\u00e9choue pour un nombre limit\\u00e9 de chiffres\",\"global\":true}},\"Calc_PVxQte\":{\"required\":{\"value\":false,\"message\":\"Ce champ est obligatoire\",\"global_message\":\"Ce champ est obligatoire\",\"global\":true},\"numeric\":{\"value\":true,\"message\":\"Ce champ doit contenir une valeur num\\u00e9rique\",\"global_message\":\"Ce champ doit contenir une valeur num\\u00e9rique\",\"global\":true},\"min\":{\"value\":\"\",\"message\":\"\\u00c9chec de la validation pour la valeur minimale\",\"global_message\":\"\\u00c9chec de la validation pour la valeur minimale\",\"global\":true},\"max\":{\"value\":\"\",\"message\":\"\\u00c9chec de la validation pour la valeur maximale\",\"global_message\":\"\\u00c9chec de la validation pour la valeur maximale\",\"global\":true},\"digits\":{\"value\":\"\",\"message\":\"La validation \\u00e9choue pour un nombre limit\\u00e9 de chiffres\",\"global_message\":\"La validation \\u00e9choue pour un nombre limit\\u00e9 de chiffres\",\"global\":true}},\"names[first_name]\":{\"required\":{\"value\":true,\"message\":\"Ce champ est obligatoire\",\"global_message\":\"Ce champ est obligatoire\",\"global\":true}},\"names[middle_name]\":{\"required\":{\"value\":false,\"message\":\"Ce champ est obligatoire\",\"global_message\":\"Ce champ est obligatoire\",\"global\":true}},\"names[last_name]\":{\"required\":{\"value\":true,\"message\":\"Ce champ est obligatoire\",\"global_message\":\"Ce champ est obligatoire\",\"global\":true}},\"addresse[address_line_1]\":{\"required\":{\"value\":true,\"message\":\"Ce champ est obligatoire\",\"global_message\":\"Ce champ est obligatoire\",\"global\":true}},\"addresse[address_line_2]\":{\"required\":{\"value\":false,\"message\":\"Ce champ est obligatoire\",\"global_message\":\"Ce champ est obligatoire\",\"global\":true}},\"addresse[city]\":{\"required\":{\"value\":true,\"message\":\"Ce champ est obligatoire\",\"global_message\":\"Ce champ est obligatoire\",\"global\":true}},\"addresse[state]\":{\"required\":{\"value\":false,\"message\":\"Ce champ est obligatoire\",\"global_message\":\"Ce champ est obligatoire\",\"global\":true}},\"addresse[zip]\":{\"required\":{\"value\":true,\"message\":\"Ce champ est obligatoire\",\"global_message\":\"Ce champ est obligatoire\",\"global\":true}},\"addresse[country]\":{\"required\":{\"value\":false,\"message\":\"Ce champ est obligatoire\",\"global_message\":\"Ce champ est obligatoire\",\"global\":true}},\"phone\":{\"required\":{\"value\":true,\"global\":true,\"message\":\"Ce champ est obligatoire\",\"global_message\":\"Ce champ est obligatoire\"},\"valid_phone_number\":{\"value\":true,\"global\":false,\"message\":\"Le num\\u00e9ro de t\\u00e9l\\u00e9phone est invalide\",\"global_message\":\"Le num\\u00e9ro de t\\u00e9l\\u00e9phone est invalide\"}},\"email_1\":{\"required\":{\"value\":true,\"message\":\"Ce champ est obligatoire\",\"global_message\":\"Ce champ est obligatoire\",\"global\":true},\"email\":{\"value\":true,\"message\":\"Ce champ doit contenir un e-mail valide\",\"global_message\":\"Ce champ doit contenir un e-mail valide\",\"global\":true}},\"email_2\":{\"required\":{\"value\":true,\"message\":\"Ce champ est obligatoire\",\"global_message\":\"Ce champ est obligatoire\",\"global\":true},\"email\":{\"value\":true,\"message\":\"Ce champ doit contenir un e-mail valide\",\"global_message\":\"Ce champ doit contenir un e-mail valide\",\"global\":true}},\"g-recaptcha-response\":[],\"terms-n-condition\":{\"required\":{\"value\":true,\"message\":\"Vous devez accepter nos conditions g\\u00e9n\\u00e9rales de vente\",\"global_message\":\"Ce champ est obligatoire\",\"global\":false}}},\"debounce_time\":300,\"conditionals\":{\"custom_html-7_3\":{\"type\":\"any\",\"status\":true,\"conditions\":[{\"field\":\"Liste_Pays\",\"value\":\"Liechtenstein\",\"operator\":\"=\"},{\"field\":\"Liste_Pays\",\"value\":\"Suisse\",\"operator\":\"=\"}],\"condition_groups\":[{\"rules\":[{\"field\":\"\",\"value\":\"\",\"operator\":\"\"}],\"title\":\"\",\"isEditingTitle\":false,\"isPreviewOpen\":false,\"isGroupOpen\":true}]},\"custom_html-7_4\":{\"type\":\"all\",\"status\":true,\"conditions\":[{\"field\":\"Liste_Pays\",\"value\":\"Liechtenstein\",\"operator\":\"!=\"},{\"field\":\"Liste_Pays\",\"value\":\"Suisse\",\"operator\":\"!=\"}],\"condition_groups\":[{\"rules\":[{\"field\":\"\",\"value\":\"\",\"operator\":\"\"}],\"title\":\"\",\"isEditingTitle\":false,\"isPreviewOpen\":false,\"isGroupOpen\":true}]},\"email_2\":{\"type\":\"any\",\"status\":true,\"conditions\":[{\"field\":\"email_1\",\"value\":\"^.+$\",\"operator\":\"test_regex\"}],\"condition_groups\":[{\"rules\":[{\"field\":\"\",\"value\":\"\",\"operator\":\"\"}],\"title\":\"\",\"isEditingTitle\":false,\"isPreviewOpen\":false,\"isGroupOpen\":true}]},\"custom_submit_button-7_6\":{\"type\":\"any\",\"status\":true,\"conditions\":[{\"field\":\"\",\"value\":\"\",\"operator\":\"\"}],\"condition_groups\":[{\"rules\":[{\"field\":\"\",\"value\":\"\",\"operator\":\"\"}],\"title\":\"\",\"isEditingTitle\":false,\"isPreviewOpen\":false,\"isGroupOpen\":true}]}}};\n                            <\/script>\n            ","protected":false},"excerpt":{"rendered":"","protected":false},"author":1,"featured_media":0,"parent":0,"menu_order":0,"comment_status":"closed","ping_status":"closed","template":"","meta":{"footnotes":""},"class_list":["post-441","page","type-page","status-publish","hentry"],"_links":{"self":[{"href":"https:\/\/www.colysa.ch\/index.php?rest_route=\/wp\/v2\/pages\/441","targetHints":{"allow":["GET"]}}],"collection":[{"href":"https:\/\/www.colysa.ch\/index.php?rest_route=\/wp\/v2\/pages"}],"about":[{"href":"https:\/\/www.colysa.ch\/index.php?rest_route=\/wp\/v2\/types\/page"}],"author":[{"embeddable":true,"href":"https:\/\/www.colysa.ch\/index.php?rest_route=\/wp\/v2\/users\/1"}],"replies":[{"embeddable":true,"href":"https:\/\/www.colysa.ch\/index.php?rest_route=%2Fwp%2Fv2%2Fcomments&post=441"}],"version-history":[{"count":1,"href":"https:\/\/www.colysa.ch\/index.php?rest_route=\/wp\/v2\/pages\/441\/revisions"}],"predecessor-version":[{"id":442,"href":"https:\/\/www.colysa.ch\/index.php?rest_route=\/wp\/v2\/pages\/441\/revisions\/442"}],"wp:attachment":[{"href":"https:\/\/www.colysa.ch\/index.php?rest_route=%2Fwp%2Fv2%2Fmedia&parent=441"}],"curies":[{"name":"wp","href":"https:\/\/api.w.org\/{rel}","templated":true}]}}