{"id":158,"date":"2015-06-16T23:07:47","date_gmt":"2015-06-16T21:07:47","guid":{"rendered":"http:\/\/www.colysa.ch\/?page_id=158"},"modified":"2025-12-21T12:23:28","modified_gmt":"2025-12-21T11:23:28","slug":"loscillotherapie","status":"publish","type":"page","link":"https:\/\/www.colysa.ch\/?page_id=158","title":{"rendered":"L&rsquo;Oscilloth\u00e9rapie"},"content":{"rendered":"\n<p>L&rsquo;Oscilloth\u00e9rapie peut se pratiquer gr\u00e2ce au <a href=\"https:\/\/www.colysa.ch\/?page_id=11\">Radio Cellulo Oscillateur<\/a>&nbsp;et a&nbsp;<a href=\"https:\/\/www.colysa.ch\/?page_id=258\">L&rsquo;OLOM (Oscillateur \u00e0 Longueurs d&rsquo;Onde Multiples) \/ MWO (Multiple Wave Oscillator)<\/a>, ils ont \u00e9t\u00e9 d\u00e9velopp\u00e9s&nbsp;par <a href=\"https:\/\/www.colysa.ch\/?page_id=132\">Georges Lakhovsky<\/a>.<\/p>\n\n\n\n<p>Le <a href=\"https:\/\/www.colysa.ch\/?page_id=11\">Radio Cellulo Oscillateur<\/a>&nbsp;est le premier des appareils de <a href=\"https:\/\/www.colysa.ch\/?page_id=132\">Georges Lakhovsky<\/a> con\u00e7u dans les ann\u00e9es 1920 avec lequel il a fait de nombreux essais sur des p\u00e9largoniums atteints de tumeurs canc\u00e9reuses, la plupart ont \u00e9t\u00e9 gu\u00e9ries apr\u00e8s exposition aux champs&nbsp;du <a href=\"https:\/\/www.colysa.ch\/?page_id=11\">Radio Cellulo Oscillateur<\/a>.<\/p>\n\n\n\n<p>C&rsquo;est un appareil simple \u00e0 mettre en oeuvre, dont la version \u00ab\u00a0moderne\u00a0\u00bb a \u00e9t\u00e9 con\u00e7ue vers la fin des ann\u00e9es 1970, il poss\u00e8de une bande passante et une puissance plus petite que <a href=\"https:\/\/www.colysa.ch\/?page_id=258\">l&rsquo;OLOM<\/a>, ainsi&nbsp;son champ d&rsquo;action est plus limit\u00e9.<\/p>\n\n\n\n<p>Le mod\u00e8le en photo est la premi\u00e8re version r\u00e9actualis\u00e9e, il utilise une antenne collier pour transmettre ses champs.<\/p>\n\n\n<div class=\"wp-block-image wp-image-245 size-large\">\n<figure class=\"aligncenter size-full\"><a href=\"https:\/\/www.colysa.ch\/?page_id=11\"><img decoding=\"async\" src=\"https:\/\/www.colysa.ch\/wp-content\/uploads\/2025\/12\/rco.jpg\" alt=\"\" class=\"wp-image-343\"\/><\/a><figcaption class=\"wp-element-caption\">Radio Cellulo Oscillateur<\/figcaption><\/figure>\n<\/div>\n\n\n<p>Photos avant \/ apr\u00e8s des r\u00e9sultats avec le Radio Cellulo Oscillateur :<\/p>\n\n\n<div class=\"wp-block-image wp-image-241 size-large\">\n<figure class=\"aligncenter\"><img loading=\"lazy\" decoding=\"async\" width=\"1024\" height=\"374\" src=\"https:\/\/www.colysa.ch\/wp-content\/uploads\/2015\/06\/joey-1024x374.jpg\" alt=\"Joey : Extraction dentaire totale et abc\u00e8s (A gauche : 19.05.2014 \/ A droite : 05.06.2014)\" class=\"wp-image-241\" srcset=\"https:\/\/www.colysa.ch\/wp-content\/uploads\/2015\/06\/joey-1024x374.jpg 1024w, https:\/\/www.colysa.ch\/wp-content\/uploads\/2015\/06\/joey-300x110.jpg 300w\" sizes=\"auto, (max-width: 1024px) 100vw, 1024px\" \/><figcaption class=\"wp-element-caption\">Joey : Extraction dentaire et abc\u00e8s (A gauche : 19.05.2014 \/ A droite : 05.06.2014)<\/figcaption><\/figure>\n<\/div>\n\n\n<p>Le premier mod\u00e8le de l&rsquo;OLOM a \u00e9t\u00e9 r\u00e9alis\u00e9 en 1930, et il a \u00e9t\u00e9 utilis\u00e9 avec succ\u00e8s depuis de nombreuses ann\u00e9es dans le traitements de nombreuses affections dont vous trouverez quelques photos ci-apr\u00e8s :<\/p>\n\n\n<div class=\"wp-block-image wp-image-235 size-large\">\n<figure class=\"aligncenter\"><img loading=\"lazy\" decoding=\"async\" width=\"1024\" height=\"775\" src=\"https:\/\/www.colysa.ch\/wp-content\/uploads\/2015\/06\/mwo41-1024x775.jpg\" alt=\"MWO mod\u00e8le 1\" class=\"wp-image-235\" srcset=\"https:\/\/www.colysa.ch\/wp-content\/uploads\/2015\/06\/mwo41-1024x775.jpg 1024w, https:\/\/www.colysa.ch\/wp-content\/uploads\/2015\/06\/mwo41-300x227.jpg 300w, https:\/\/www.colysa.ch\/wp-content\/uploads\/2015\/06\/mwo41.jpg 1536w\" sizes=\"auto, (max-width: 1024px) 100vw, 1024px\" \/><figcaption class=\"wp-element-caption\">MWO mod\u00e8le 1<\/figcaption><\/figure>\n<\/div>\n\n<div class=\"wp-block-image wp-image-233 size-large\">\n<figure class=\"aligncenter\"><img loading=\"lazy\" decoding=\"async\" width=\"1024\" height=\"724\" src=\"https:\/\/www.colysa.ch\/wp-content\/uploads\/2015\/06\/mwo21-1024x724.jpg\" alt=\"MWO mod\u00e8le 2\" class=\"wp-image-233\" srcset=\"https:\/\/www.colysa.ch\/wp-content\/uploads\/2015\/06\/mwo21-1024x724.jpg 1024w, https:\/\/www.colysa.ch\/wp-content\/uploads\/2015\/06\/mwo21-300x212.jpg 300w, https:\/\/www.colysa.ch\/wp-content\/uploads\/2015\/06\/mwo21.jpg 1536w\" sizes=\"auto, (max-width: 1024px) 100vw, 1024px\" \/><figcaption class=\"wp-element-caption\">MWO mod\u00e8le 2<\/figcaption><\/figure>\n<\/div>\n\n\n<p>Photos avant \/ apr\u00e8s des r\u00e9sultats avec l&rsquo;OLOM \/ MWO :<\/p>\n\n\n<div class=\"wp-block-image wp-image-231 size-large\">\n<figure class=\"aligncenter\"><img loading=\"lazy\" decoding=\"async\" width=\"1024\" height=\"494\" src=\"https:\/\/www.colysa.ch\/wp-content\/uploads\/2015\/06\/cas_4-1024x494.jpg\" alt=\"Goitre exophtalmique\" class=\"wp-image-231\" srcset=\"https:\/\/www.colysa.ch\/wp-content\/uploads\/2015\/06\/cas_4-1024x494.jpg 1024w, https:\/\/www.colysa.ch\/wp-content\/uploads\/2015\/06\/cas_4-300x145.jpg 300w, https:\/\/www.colysa.ch\/wp-content\/uploads\/2015\/06\/cas_4.jpg 1521w\" sizes=\"auto, (max-width: 1024px) 100vw, 1024px\" \/><figcaption class=\"wp-element-caption\">Goitre exophtalmique<\/figcaption><\/figure>\n<\/div>\n\n<div class=\"wp-block-image wp-image-230 size-large\">\n<figure class=\"aligncenter\"><img loading=\"lazy\" decoding=\"async\" width=\"1024\" height=\"699\" src=\"https:\/\/www.colysa.ch\/wp-content\/uploads\/2015\/06\/cas_3-1024x699.jpg\" alt=\"Carcinome basocellulaire \u00e0 l'angle de l'aile gauche\" class=\"wp-image-230\" srcset=\"https:\/\/www.colysa.ch\/wp-content\/uploads\/2015\/06\/cas_3-1024x699.jpg 1024w, https:\/\/www.colysa.ch\/wp-content\/uploads\/2015\/06\/cas_3-300x205.jpg 300w, https:\/\/www.colysa.ch\/wp-content\/uploads\/2015\/06\/cas_3.jpg 1526w\" sizes=\"auto, (max-width: 1024px) 100vw, 1024px\" \/><figcaption class=\"wp-element-caption\">Carcinome basocellulaire \u00e0 l&rsquo;angle de l&rsquo;aile gauche<\/figcaption><\/figure>\n<\/div>\n\n<div class=\"wp-block-image wp-image-229 size-large\">\n<figure class=\"aligncenter\"><img loading=\"lazy\" decoding=\"async\" width=\"1024\" height=\"676\" src=\"https:\/\/www.colysa.ch\/wp-content\/uploads\/2015\/06\/cas_2-1024x676.jpg\" alt=\"Epith\u00e9lioma, tumeur sous orbitaire\" class=\"wp-image-229\" srcset=\"https:\/\/www.colysa.ch\/wp-content\/uploads\/2015\/06\/cas_2-1024x676.jpg 1024w, https:\/\/www.colysa.ch\/wp-content\/uploads\/2015\/06\/cas_2-300x198.jpg 300w, https:\/\/www.colysa.ch\/wp-content\/uploads\/2015\/06\/cas_2.jpg 1521w\" sizes=\"auto, (max-width: 1024px) 100vw, 1024px\" \/><figcaption class=\"wp-element-caption\">Epith\u00e9lioma, tumeur sous orbitaire<\/figcaption><\/figure>\n<\/div>\n\n<div class=\"wp-block-image wp-image-228 size-large\">\n<figure class=\"aligncenter\"><img loading=\"lazy\" decoding=\"async\" width=\"1024\" height=\"683\" src=\"https:\/\/www.colysa.ch\/wp-content\/uploads\/2015\/06\/cas_1-1024x683.jpg\" alt=\"Tumeur de l'angle de l'oeil et sous orbitaire\" class=\"wp-image-228\" srcset=\"https:\/\/www.colysa.ch\/wp-content\/uploads\/2015\/06\/cas_1-1024x683.jpg 1024w, https:\/\/www.colysa.ch\/wp-content\/uploads\/2015\/06\/cas_1-300x200.jpg 300w, https:\/\/www.colysa.ch\/wp-content\/uploads\/2015\/06\/cas_1.jpg 1526w\" sizes=\"auto, (max-width: 1024px) 100vw, 1024px\" \/><figcaption class=\"wp-element-caption\">Tumeur de l&rsquo;angle de l&rsquo;oeil et sous orbitaire<\/figcaption><\/figure>\n<\/div>","protected":false},"excerpt":{"rendered":"<p>L&rsquo;Oscilloth\u00e9rapie peut se pratiquer gr\u00e2ce au Radio Cellulo Oscillateur&nbsp;et a&nbsp;L&rsquo;OLOM (Oscillateur \u00e0 Longueurs d&rsquo;Onde Multiples) \/ MWO (Multiple Wave Oscillator), ils ont \u00e9t\u00e9 d\u00e9velopp\u00e9s&nbsp;par Georges Lakhovsky. Le Radio Cellulo Oscillateur&nbsp;est le premier des appareils de Georges Lakhovsky con\u00e7u dans les ann\u00e9es 1920 avec lequel il a fait de nombreux essais sur des p\u00e9largoniums atteints de [&hellip;]<\/p>\n","protected":false},"author":1,"featured_media":0,"parent":0,"menu_order":0,"comment_status":"closed","ping_status":"open","template":"","meta":{"footnotes":""},"class_list":["post-158","page","type-page","status-publish","hentry"],"_links":{"self":[{"href":"https:\/\/www.colysa.ch\/index.php?rest_route=\/wp\/v2\/pages\/158","targetHints":{"allow":["GET"]}}],"collection":[{"href":"https:\/\/www.colysa.ch\/index.php?rest_route=\/wp\/v2\/pages"}],"about":[{"href":"https:\/\/www.colysa.ch\/index.php?rest_route=\/wp\/v2\/types\/page"}],"author":[{"embeddable":true,"href":"https:\/\/www.colysa.ch\/index.php?rest_route=\/wp\/v2\/users\/1"}],"replies":[{"embeddable":true,"href":"https:\/\/www.colysa.ch\/index.php?rest_route=%2Fwp%2Fv2%2Fcomments&post=158"}],"version-history":[{"count":40,"href":"https:\/\/www.colysa.ch\/index.php?rest_route=\/wp\/v2\/pages\/158\/revisions"}],"predecessor-version":[{"id":364,"href":"https:\/\/www.colysa.ch\/index.php?rest_route=\/wp\/v2\/pages\/158\/revisions\/364"}],"wp:attachment":[{"href":"https:\/\/www.colysa.ch\/index.php?rest_route=%2Fwp%2Fv2%2Fmedia&parent=158"}],"curies":[{"name":"wp","href":"https:\/\/api.w.org\/{rel}","templated":true}]}}