{"id":132,"date":"2014-07-20T13:40:55","date_gmt":"2014-07-20T11:40:55","guid":{"rendered":"http:\/\/www.colysa.ch\/?page_id=132"},"modified":"2015-06-24T11:11:58","modified_gmt":"2015-06-24T09:11:58","slug":"qui-etait-georges-lakhosky","status":"publish","type":"page","link":"https:\/\/www.colysa.ch\/?page_id=132","title":{"rendered":"Qui \u00e9tait Georges Lakhovsky ?"},"content":{"rendered":"<p>Georges Lakhovsky est n\u00e9 \u00e0\u00a0Minsk (Russie) en 1869 et est mort en 1942 \u00e0 New York (\u00c9tats-Unis), p\u00e8re de trois enfants (Pierre, Nadine, Serge), il \u00e9tait ing\u00e9nieur aux \u00c9coles des Arts et M\u00e9tiers et des Beaux-Arts, aux Ponts-et-Chauss\u00e9es, et suivit des cours de M\u00e9decine, il\u00a0v\u00e9cut en France jusqu&rsquo;en 1941 et a \u00e9migr\u00e9 aux Etats-Unis.<\/p>\n<div id=\"attachment_234\" style=\"width: 484px\" class=\"wp-caption aligncenter\"><img loading=\"lazy\" decoding=\"async\" aria-describedby=\"caption-attachment-234\" class=\"wp-image-234 size-large\" src=\"https:\/\/www.colysa.ch\/wp-content\/uploads\/2015\/06\/mwo31-1024x725.jpg\" alt=\"Georges Lakhovsky au milieu de l'OLOM \/ MWO\" width=\"474\" height=\"336\" srcset=\"https:\/\/www.colysa.ch\/wp-content\/uploads\/2015\/06\/mwo31-1024x725.jpg 1024w, https:\/\/www.colysa.ch\/wp-content\/uploads\/2015\/06\/mwo31-300x213.jpg 300w, https:\/\/www.colysa.ch\/wp-content\/uploads\/2015\/06\/mwo31.jpg 1536w\" sizes=\"auto, (max-width: 474px) 100vw, 474px\" \/><p id=\"caption-attachment-234\" class=\"wp-caption-text\">Georges Lakhovsky au milieu de l&rsquo;OLOM \/ MWO<\/p><\/div>\n<p>Biographie :<br \/>\n<span style=\"line-height: 1.5;\">Il est l&rsquo;inventeur de proc\u00e9d\u00e9s permettant des\u00a0soins par les ondes (<a href=\"https:\/\/www.colysa.ch\/?page_id=158\">Oscilloth\u00e9rapie<\/a>) et publia des livres d\u00e9clarant que les\u00a0cellules\u00a0\u00e9mettent et absorbent des radiations \u00e9lectromagn\u00e9tiques \u00e0 certaines fr\u00e9quences. Il s&rsquo;aper\u00e7u\u00a0que l\u2019\u00e9tat de\u00a0sant\u00e9\u00a0des \u00eatres vivants d\u00e9pend des\u00a0vibrations\u00a0de leurs cellules et qu\u2019il est possible de rehausser leurs oscillations cellulaires par l&rsquo;application de champs \u00e9lectromagn\u00e9tiques. Il cr\u00e9a plusieurs appareils g\u00e9n\u00e9rant des\u00a0champs \u00e9lectromagn\u00e9tiques puls\u00e9s tels que le <a href=\"https:\/\/www.colysa.ch\/?page_id=11\">Radio Cellulo Oscillateur<\/a>, et le \u00a0MWO (en anglais) ou OLOM (en fran\u00e7ais).<br \/>\nIl cr\u00e9a \u00e9galement les fameux colliers Lakhovsky, dont on retrouve de nombreuses fabrications hasardeuses sur internet, seuls quelques fabrications correspondent aux mod\u00e8les originaux et sont efficaces.<br \/>\nAfin de prouver l&rsquo;efficacit\u00e9 des proc\u00e9d\u00e9s, il fera de nombreux rapports avec des photos \u00e0 l&rsquo;appui de patients gu\u00e9ris de cancers et autres affections, notamment aux h\u00f4pitaux du\u00a0Val-de-Gr\u00e2ce, Necker\u00a0et\u00a0Saint-Louis.<br \/>\nIl mourut \u00e0 72 ans, apr\u00e8s avoir \u00e9t\u00e9 renvers\u00e9 par une voiture aux Etats-unis dans des conditions peu claires.\u00a0<\/span><\/p>\n<p>Publications :<br \/>\nL&rsquo;origine de la vie, la radiation et les \u00eatres vivants, 1925, Gauthier-Villars et Cie, Paris<br \/>\nContribution a l&rsquo;etiologie du cancer, 1927, Gauthier-Villars et Cie, Paris<br \/>\n<span style=\"line-height: 1.5;\">L&rsquo;Universion, 1927, Gauthier-Villars et Cie, Paris<br \/>\nLes Ondes qui guerissent, 1929, Gauthier-Villars et Cie, Paris<br \/>\n<\/span>Le secret de la vie : les ondes cosmiques et la radiation vitale \/ Georges Lakhovsky, pr\u00e9f. du Prof. d&rsquo;Arsonval<br \/>\n<span style=\"line-height: 1.5;\">La Science et le Bonheur, 1930, Gauthier-Villars et Cie, Paris<br \/>\n<\/span><span style=\"line-height: 1.5;\">L&rsquo;oscillation cellulaire, 1931, Gaston Doin et Cie<br \/>\n<\/span><span style=\"line-height: 1.5;\">La Formation neoplasique et le desequilibre oscillatoire cellulaire. Traitement du cancer par l&rsquo;oscillateur a longueurs d&rsquo;ondes multiples, 1932, Gaston Doin et Cie<br \/>\n<\/span><span style=\"line-height: 1.5;\">L&rsquo;Eternite, la vie et mort, 1932, Fasquelle<br \/>\n<\/span><span style=\"line-height: 1.5;\">La Terre et nous, 1933, Fasquelle<br \/>\n<\/span><span style=\"line-height: 1.5;\">La Cabale: histoire d&rsquo;une decouverte, l&rsquo;oscillation cellulaire, 1934, Gaston Doin et Cie<br \/>\n<\/span><span style=\"line-height: 1.5;\">La Matiere, 1934, Gaston Doin et Cie<br \/>\n<\/span><span style=\"line-height: 1.5;\">Le racisme et l&rsquo;orchestre universel \/ Georges Lakhovsky F. Alcan, 1934<br \/>\n<\/span><span style=\"line-height: 1.5;\">L&rsquo;Oscillateur a longueur d&rsquo;ondes multiples, 1934, Gaston Doin et Cie<br \/>\n<\/span><span style=\"line-height: 1.5;\">Le Grand Probl\u00e8me, 1935, Felix Alcan, Paris<br \/>\n<\/span><span style=\"line-height: 1.5;\">Les Ondes cosmiques et les Circuits Oscillants<br \/>\n<\/span><span style=\"line-height: 1.5;\">La crise, ses causes et ses remedes, 1935, S.A.C.L., Paris<br \/>\n<\/span><span style=\"line-height: 1.5;\">Radiations et ondes, source de notre vie, 1937, S.A.C.L., Paris<br \/>\n<\/span><span style=\"line-height: 1.5;\">De Moscou a Madrid ; Le paradoxe de la democratie , 1937, S.A.C.L., Paris<br \/>\n<\/span><span style=\"line-height: 1.5;\">La nature et ses merveilles : TSF, autosuggestion, hom\u00e9opathie, magn\u00e9tisme animal, radiesth\u00e9sie<br \/>\n<\/span><span style=\"line-height: 1.5;\">Long\u00e9vit\u00e9 : l&rsquo;art de vivre vieux sans souffrir<br \/>\n<\/span><span style=\"line-height: 1.5;\">La Peau Filtre de sante, 1939, S.A.C.L., Paris<br \/>\n<\/span><span style=\"line-height: 1.5;\">La civilisation et la folie raciste, 1941, Ed. de la Maison francaise, New York<br \/>\n<\/span><span style=\"line-height: 1.5;\">La vie et les ondes : l&rsquo;oeuvre de Georges Lakhovsky \/ Michel Adam et Armand Givelet<br \/>\n<\/span><span style=\"line-height: 1.5;\">L&rsquo;\u00e9tatisme, mort des nations : conseils \u00e0 mes enfants \/ Georges Lakhovsky<\/span><\/p>\n","protected":false},"excerpt":{"rendered":"<p>Georges Lakhovsky est n\u00e9 \u00e0\u00a0Minsk (Russie) en 1869 et est mort en 1942 \u00e0 New York (\u00c9tats-Unis), p\u00e8re de trois enfants (Pierre, Nadine, Serge), il \u00e9tait ing\u00e9nieur aux \u00c9coles des Arts et M\u00e9tiers et des Beaux-Arts, aux Ponts-et-Chauss\u00e9es, et suivit des cours de M\u00e9decine, il\u00a0v\u00e9cut en France jusqu&rsquo;en 1941 et a \u00e9migr\u00e9 aux Etats-Unis. Biographie [&hellip;]<\/p>\n","protected":false},"author":1,"featured_media":0,"parent":0,"menu_order":0,"comment_status":"closed","ping_status":"closed","template":"","meta":{"footnotes":""},"class_list":["post-132","page","type-page","status-publish","hentry"],"_links":{"self":[{"href":"https:\/\/www.colysa.ch\/index.php?rest_route=\/wp\/v2\/pages\/132","targetHints":{"allow":["GET"]}}],"collection":[{"href":"https:\/\/www.colysa.ch\/index.php?rest_route=\/wp\/v2\/pages"}],"about":[{"href":"https:\/\/www.colysa.ch\/index.php?rest_route=\/wp\/v2\/types\/page"}],"author":[{"embeddable":true,"href":"https:\/\/www.colysa.ch\/index.php?rest_route=\/wp\/v2\/users\/1"}],"replies":[{"embeddable":true,"href":"https:\/\/www.colysa.ch\/index.php?rest_route=%2Fwp%2Fv2%2Fcomments&post=132"}],"version-history":[{"count":26,"href":"https:\/\/www.colysa.ch\/index.php?rest_route=\/wp\/v2\/pages\/132\/revisions"}],"predecessor-version":[{"id":240,"href":"https:\/\/www.colysa.ch\/index.php?rest_route=\/wp\/v2\/pages\/132\/revisions\/240"}],"wp:attachment":[{"href":"https:\/\/www.colysa.ch\/index.php?rest_route=%2Fwp%2Fv2%2Fmedia&parent=132"}],"curies":[{"name":"wp","href":"https:\/\/api.w.org\/{rel}","templated":true}]}}