{"id":11,"date":"2014-06-12T23:02:35","date_gmt":"2014-06-12T21:02:35","guid":{"rendered":"http:\/\/www.colysa.ch\/?page_id=11"},"modified":"2026-02-10T15:00:12","modified_gmt":"2026-02-10T14:00:12","slug":"radio-cellulo-oscillateur","status":"publish","type":"page","link":"https:\/\/www.colysa.ch\/","title":{"rendered":"La troisi\u00e8me G\u00e9n\u00e9ration du Radio Cellulo Oscillateur est disponible"},"content":{"rendered":"<div class=\"wp-block-image wp-image-245 size-large\">\n<figure class=\"aligncenter size-full\"><img loading=\"lazy\" decoding=\"async\" width=\"800\" height=\"560\" src=\"https:\/\/www.colysa.ch\/wp-content\/uploads\/2025\/12\/rco-1.jpg\" alt=\"Radio Cellulo Oscillateur\" class=\"wp-image-394\" srcset=\"https:\/\/www.colysa.ch\/wp-content\/uploads\/2025\/12\/rco-1.jpg 800w, https:\/\/www.colysa.ch\/wp-content\/uploads\/2025\/12\/rco-1-300x210.jpg 300w, https:\/\/www.colysa.ch\/wp-content\/uploads\/2025\/12\/rco-1-768x538.jpg 768w\" sizes=\"auto, (max-width: 800px) 100vw, 800px\" \/><figcaption class=\"wp-element-caption\">Radio Cellulo Oscillateur<\/figcaption><\/figure>\n<\/div>\n\n\n<h2 class=\"wp-block-heading has-text-align-center has-white-color has-vivid-purple-background-color has-text-color has-background has-link-color has-large-font-size wp-elements-6a6b392f357b73e969c5c66bf4a21a4a\">En direct du fabricant<\/h2>\n\n\n\n<p><em>\u00abLe r\u00f4le biologique du Radio Cellulo Oscillateur est de r\u00e9tablir l&rsquo;\u00e9quilibre oscillatoire de la cellule vivante, menac\u00e9 par une alt\u00e9ration quelconque, en particulier par le voisinage d&rsquo;un microbe.<br>En retrouvant sa vigueur normale, gr\u00e2ce au rayonnement auxiliaire du Radio Cellulo Oscillateur, la cellule parvient elle-m\u00eame \u00e0 d\u00e9truire le microbe en amortissant sa radiation n\u00e9faste.\u00bb<br><strong>Citation historique d\u2019apr\u00e8s le livre de Georges Lakhovsky (\u201cLa Science et le bonheur\u201d)<\/strong><\/em><\/p>\n\n\n\n<p>Le Radio Cellulo Oscillateur pr\u00e9sent\u00e9 sur cette page n\u2019est <strong>pas un dispositif m\u00e9dical<\/strong>,<strong> il n\u2019est pas destin\u00e9 \u00e0 diagnostiquer, traiter, pr\u00e9venir ou gu\u00e9rir une maladie.<\/strong><\/p>\n\n\n\n<p>Les Laboratoires Colysa SA ont le savoir faire exclusif pour fabriquer ces appareils d&rsquo;<a href=\"https:\/\/www.colysa.ch\/?page_id=158\" data-type=\"page\" data-id=\"158\">oscilloth\u00e9rapie<\/a> originaux que vous pouvez exp\u00e9rimenter et acqu\u00e9rir directement en Suisse.<\/p>\n\n\n\n<p>Le Radio Cellulo Oscillateur est fabriqu\u00e9 et livr\u00e9 <strong>directement depuis le fabricant Colysa SA en Suisse<\/strong> avec ses accessoires dans une mallette de transport professionnelle robuste.<\/p>\n\n\n\n<p><strong><a href=\"https:\/\/www.colysa.ch\/?page_id=441\" data-type=\"page\" data-id=\"441\">Pour conna\u00eetre le prix du Radio Cellulo Oscillateur, s\u00e9lectionner le pays de livraison sur le formulaire de commande ou cliquer sur \u00ab\u00a0Commander le Radio Cellulo Oscillateur\u00a0\u00bb ci-dessous.<\/a><\/strong><\/p>\n\n\n\n<p><strong>Nous appliquons la politique du premier arriv\u00e9 premier livr\u00e9 pour toutes les <a href=\"https:\/\/www.colysa.ch\/?page_id=441\" data-type=\"page\" data-id=\"441\">commandes<\/a>.<\/strong><\/p>\n\n\n\n<h1 class=\"wp-block-heading has-text-align-center\"><a href=\"https:\/\/www.colysa.ch\/?page_id=441\" data-type=\"page\" data-id=\"441\">Commander le Radio Cellulo Oscillateur<\/a><\/h1>\n\n\n\n<p><strong>En Suisse, le Radio Cellulo Oscillateur est \u00e9galement disponible \u00e0 la location et \u00e0 la location vente <strong><a href=\"https:\/\/www.colysa.ch\/?page_id=26\" data-type=\"page\" data-id=\"26\">contactez-nous<\/a><\/strong> pour les conditions.<\/strong><\/p>\n\n\n\n<p class=\"has-text-align-center has-white-color has-vivid-purple-background-color has-text-color has-background has-link-color has-medium-font-size wp-elements-c4d689f5e30b4326273c8c32182bcf39\"><strong>Vous pouvez essayer gratuitement et <a href=\"https:\/\/www.colysa.ch\/?page_id=441\" data-type=\"page\" data-id=\"441\">exp\u00e9rimenter<\/a> directement le Radio Cellulo Oscillateur sur simple <a href=\"https:\/\/www.colysa.ch\/?page_id=26\" data-type=\"page\" data-id=\"26\">rendez-vous<\/a> dans notre atelier de Vilars.<\/strong><\/p>\n\n\n\n<p class=\"has-text-align-center\"><a title=\"Contactez-nous\" href=\"https:\/\/www.colysa.ch\/?page_id=26\"><strong>Contactez-nous pour toutes questions ou commande du Radio Cellulo Oscillateur<\/strong><\/a><\/p>\n\n\n\n<p class=\"has-text-align-center\"><em><strong><mark style=\"background-color:rgba(0, 0, 0, 0)\" class=\"has-inline-color has-vivid-red-color\">Attention de plus en plus de bricolages, de copies et de contrefa\u00e7ons circulent sur le march\u00e9, ces produits ne respectent pas les principes de Georges Lakhovsky en usurpant nos marques et notre savoir faire, <mark style=\"background-color:rgba(0, 0, 0, 0)\" class=\"has-inline-color has-vivid-red-color\"><a href=\"https:\/\/www.colysa.ch\/?page_id=26\" data-type=\"page\" data-id=\"26\">contactez-nous<\/a><\/mark><\/mark> <mark style=\"background-color:rgba(0, 0, 0, 0)\" class=\"has-inline-color has-vivid-red-color\">si vous avez un doute sur l&rsquo;origine.<\/mark><\/strong><\/em><\/p>\n\n\n\n<p class=\"has-text-align-center has-vivid-red-color has-text-color has-link-color wp-elements-0c92997395a4a9add1e841c935c54ee1\"><strong>RAPPEL : Le Radio Cellulo Oscillateur est un appareil d&rsquo;exp\u00e9rimentation personnel, il n&rsquo;est pas destin\u00e9 \u00e0 un usage m\u00e9dical, th\u00e9rapeutique, de diagnostique, il produit des champs \u00e9lectromagn\u00e9tiques tr\u00e8s faibles. Il ne doit pas \u00eatre utilis\u00e9 par les porteurs de pacemaker (PM) ou de d\u00e9fibrillateur automatique implantable (DAI), implant cochl\u00e9aire, proth\u00e8ses auditives, etc., sans un avis m\u00e9dical pr\u00e9alable.<br>Colysa SA d\u00e9cline toute responsabilit\u00e9 en cas d&rsquo;usage d\u00e9tourn\u00e9.<\/strong><\/p>\n","protected":false},"excerpt":{"rendered":"<p>En direct du fabricant \u00abLe r\u00f4le biologique du Radio Cellulo Oscillateur est de r\u00e9tablir l&rsquo;\u00e9quilibre oscillatoire de la cellule vivante, menac\u00e9 par une alt\u00e9ration quelconque, en particulier par le voisinage d&rsquo;un microbe.En retrouvant sa vigueur normale, gr\u00e2ce au rayonnement auxiliaire du Radio Cellulo Oscillateur, la cellule parvient elle-m\u00eame \u00e0 d\u00e9truire le microbe en amortissant sa [&hellip;]<\/p>\n","protected":false},"author":1,"featured_media":394,"parent":0,"menu_order":0,"comment_status":"closed","ping_status":"open","template":"","meta":{"footnotes":""},"class_list":["post-11","page","type-page","status-publish","has-post-thumbnail","hentry"],"_links":{"self":[{"href":"https:\/\/www.colysa.ch\/index.php?rest_route=\/wp\/v2\/pages\/11","targetHints":{"allow":["GET"]}}],"collection":[{"href":"https:\/\/www.colysa.ch\/index.php?rest_route=\/wp\/v2\/pages"}],"about":[{"href":"https:\/\/www.colysa.ch\/index.php?rest_route=\/wp\/v2\/types\/page"}],"author":[{"embeddable":true,"href":"https:\/\/www.colysa.ch\/index.php?rest_route=\/wp\/v2\/users\/1"}],"replies":[{"embeddable":true,"href":"https:\/\/www.colysa.ch\/index.php?rest_route=%2Fwp%2Fv2%2Fcomments&post=11"}],"version-history":[{"count":92,"href":"https:\/\/www.colysa.ch\/index.php?rest_route=\/wp\/v2\/pages\/11\/revisions"}],"predecessor-version":[{"id":485,"href":"https:\/\/www.colysa.ch\/index.php?rest_route=\/wp\/v2\/pages\/11\/revisions\/485"}],"wp:featuredmedia":[{"embeddable":true,"href":"https:\/\/www.colysa.ch\/index.php?rest_route=\/wp\/v2\/media\/394"}],"wp:attachment":[{"href":"https:\/\/www.colysa.ch\/index.php?rest_route=%2Fwp%2Fv2%2Fmedia&parent=11"}],"curies":[{"name":"wp","href":"https:\/\/api.w.org\/{rel}","templated":true}]}}